{"id":4819,"date":"2017-03-14T11:43:04","date_gmt":"2017-03-14T11:43:04","guid":{"rendered":"http:\/\/rebellion.edge-themes.com\/?page_id=4819"},"modified":"2021-06-23T16:43:55","modified_gmt":"2021-06-23T14:43:55","slug":"storia","status":"publish","type":"page","link":"https:\/\/www.gruppociampi.com\/index.php\/storia\/","title":{"rendered":"La Storia"},"content":{"rendered":"<p>[vc_row row_type=&#8221;parallax&#8221; content_width=&#8221;grid&#8221; parallax_background_image=&#8221;4821&#8243; css=&#8221;.vc_custom_1624459431433{padding-top: 10.77% !important;padding-bottom: 11% !important;background-image: url(https:\/\/www.gruppociampi.com\/wp-content\/uploads\/2021\/06\/Ciampi474-copia-scaled.jpg?id=7110) !important;background-position: center !important;background-repeat: no-repeat !important;background-size: cover !important;}&#8221; el_id=&#8221;header-storia&#8221;][vc_column][vc_column_text]<\/p>\n<h1 style=\"text-shadow: -4px 3px 2px rgba(150, 150, 150, 1); text-align: left;\"><span style=\"color: #ffffff;\">Gruppo Strumentale Ciampi<\/span><\/h1>\n<p>[\/vc_column_text][\/vc_column][\/vc_row][vc_row content_width=&#8221;grid&#8221; css=&#8221;.vc_custom_1490354378362{padding-top: 89px !important;padding-bottom: 25px !important;}&#8221;][vc_column offset=&#8221;vc_col-lg-9 vc_col-md-9 vc_col-xs-12&#8243;][vc_column_text]<\/p>\n<h2>La Storia<\/h2>\n<p>[\/vc_column_text][vc_empty_space height=&#8221;28px&#8221;][vc_column_text]Il Gruppo Strumentale V. L. Ciampi \u00e8 stato creato ufficialmente nel 1954, dopo aver agito sporadicamente dal 1951, su impulso di Giuseppe Zanaboni che ne \u00e8 stato per oltre un quarantennio fervente animatore e direttore artistico. Della sua storica formazione hanno fatto parte invidiabili artisti provenienti da notevoli complessi italiani quali l\u2019Orchestra del Teatro alla Scala, Orchestre Rai di Milano e Torino, I Solisti Veneti, ecc., oltre a valenti strumentisti piacentini che hanno anche contribuito alla creazione del Gruppo stesso.<br \/>\nIntitolato al musicista piacentino Vincenzo Legrenzio Ciampi (1719 \u2013 1762) ha svolto, nell\u2019arco di cinquant\u2019anni, un\u2019intensa e qualificata attivit\u00e0 di diffusione della musica strumentale, corale, organistica, sacra, contemporanea realizzando cicli di concerti di altissimo interesse nella citt\u00e0 e nella provincia di Piacenza; \u00e8 stato inoltre invitato in alcune citt\u00e0 quali Roma, Bologna, Brescia, Gressonay, in USA, ecc., dove ha tenuto concerti nell\u2019ambito di prestigiosi festival o rassegne musicali. Ha inciso dischi per la Vedette-Record, Arts Nova, RCA ed ha collaborato attivamente con Radio Vaticana. Recente \u00e8 la pubblicazione, da parte dell\u2019etichetta Bongiovanni, di un CD dedicato a Francesco Cavalli con composizioni su revisione del musicologo Francesco Bussi.<br \/>\nLe grandi opere bachiane, i cicli vivaldiani, gli oratori di Perosi, l\u2019arte somma di Haendel, la proposta di opere antiche e contemporanee, anche commissionate, cos\u00ec come la Settimana Organistica Internazionale, non determinano che certuni aspetti della lunga attivit\u00e0 del Gruppo, attivit\u00e0 anche di promozione e stimolo al restauro e recupero di importanti strumenti a canne.<br \/>\nIl Gruppo Ciampi, unica attivit\u00e0 musicale piacentina ad avere raggiunto il mezzo secolo d\u2019attivit\u00e0 e ad essere riconosciuta e sostenuta dal Ministero per i Beni e le Attivit\u00e0 Culturali fin dal \u201968 in tutta la provincia di Piacenza, concilia oggi nel suo dinamismo gli intenti di realizzare spettacoli musicali e culturali di prestigio e qualit\u00e0, di offrire ai giovani musicisti esperienze lavorative a fianco di grandi e affermati professionisti e\/o interpreti, di ottimizzare al meglio le risorse umane, artistiche e finanziarie che ha a disposizione, in un impegno costante che si \u00e8 dimostrato all&#8217;altezza di produzioni riconosciute pi\u00f9 volte a livello nazionale ed internazionale.<br \/>\nL&#8217;Istituzione Culturale \u00e8 membro permanente dell\u2019International and European Music Council; inserita nell&#8217;Albo delle Associazioni di Promozione Sociale della Regione Emilia-Romagna, \u00e8 altres\u00ec riconosciuta quale Ente di rilevanza dalla Provincia di Piacenza e dal Comune di Piacenza che ne ha approvato la normativa. Recentemente &#8211; dal 1998 al 2005 &#8211; l&#8217;attivit\u00e0 della stessa ha ricevuto diversi riconoscimenti tra cui il premio di produzione del Ministero, l&#8217;Adesione Personale del Presidente della Repubblica, l&#8217;Alto Patronato della Presidenza del Senato della Repubblica, della Camera dei Deputati, del Consiglio dei Ministri; l&#8217;Alto Patronato dell&#8217;UNESCO, della Pontificia Commissione per i Beni Culturali della Chiesa, la collaborazione del Dipartimento Affari Internazionali del Ministero della Cultura di Francia, e della Sezione Manoscritti del British Museum.<br \/>\nTra i settori d&#8217;intervento del Gruppo Ciampi figurano &#8211; ferma restando la vocazione musicale &#8211; il recupero, restauro, salvaguardia, manutenzione dell&#8217;ingente patrimonio organario della Diocesi di Piacenza-Bobbio, nonch\u00e9 la risposta alle esigenze educativo-formative dell&#8217;infanzia espressa attraverso l&#8217;azione sul territorio di progetti didattico-musicali rivolti principalmente all\u2019infanzia.[\/vc_column_text][vc_empty_space height=&#8221;50px&#8221;][\/vc_column][vc_column offset=&#8221;vc_col-lg-3 vc_col-md-3 vc_col-xs-12&#8243; css=&#8221;.vc_custom_1622469282178{padding-top: 70px !important;}&#8221;]<div class=\"edgtf-icon-list-item\">\n\t<div class=\"edgtf-icon-list-icon-holder\" >\n        <div class=\"edgtf-icon-list-icon-holder-inner clearfix\">\n\t\t\t<i class=\"edgtf-icon-font-awesome fa fa-500px \" style=\"\" ><\/i>\t\t<\/div>\n\t<\/div>\n\t<p class=\"edgtf-icon-list-text\" style=\"font-size:25px\" > Il Presidente<\/p>\n<\/div><div class=\"edgtf-icon-list-item\">\n\t<div class=\"edgtf-icon-list-icon-holder\" >\n        <div class=\"edgtf-icon-list-icon-holder-inner clearfix\">\n\t\t\t<i class=\"edgtf-icon-font-awesome fa fa-500px \" style=\"\" ><\/i>\t\t<\/div>\n\t<\/div>\n\t<p class=\"edgtf-icon-list-text\" style=\"font-size:25px\" > Il Consiglio Direttivo<\/p>\n<\/div>[vc_empty_space]<a href=\"#\" target=\"_self\"  class=\"edgtf-btn edgtf-btn-medium edgtf-btn-outline\"  >\n    <span class=\"edgtf-btn-text\">Vincenzo Legrenzio Ciampi, Compositore 1719-1762<\/span>\n    <\/a>[vc_single_image image=&#8221;6996&#8243; img_size=&#8221;medium&#8221; alignment=&#8221;center&#8221; onclick=&#8221;img_link_large&#8221; css=&#8221;.vc_custom_1622469176538{margin-top: 35px !important;}&#8221;][\/vc_column][\/vc_row]<\/p>\n","protected":false},"excerpt":{"rendered":"<p>[vc_row row_type=&#8221;parallax&#8221; content_width=&#8221;grid&#8221; parallax_background_image=&#8221;4821&#8243; css=&#8221;.vc_custom_1624459431433{padding-top: 10.77% !important;padding-bottom: 11% !important;background-image: url(https:\/\/www.gruppociampi.com\/wp-content\/uploads\/2021\/06\/Ciampi474-copia-scaled.jpg?id=7110) !important;background-position: center !important;background-repeat: no-repeat !important;background-size: cover !important;}&#8221; el_id=&#8221;header-storia&#8221;][vc_column][vc_column_text] Gruppo Strumentale Ciampi [\/vc_column_text][\/vc_column][\/vc_row][vc_row content_width=&#8221;grid&#8221; css=&#8221;.vc_custom_1490354378362{padding-top: 89px !important;padding-bottom: 25px !important;}&#8221;][vc_column offset=&#8221;vc_col-lg-9 vc_col-md-9 vc_col-xs-12&#8243;][vc_column_text] La Storia [\/vc_column_text][vc_empty_space height=&#8221;28px&#8221;][vc_column_text]Il Gruppo Strumentale V. L. Ciampi \u00e8 stato creato ufficialmente nel&#8230;<\/p>\n","protected":false},"author":1,"featured_media":0,"parent":0,"menu_order":0,"comment_status":"closed","ping_status":"closed","template":"full-width.php","meta":[],"_links":{"self":[{"href":"https:\/\/www.gruppociampi.com\/index.php\/wp-json\/wp\/v2\/pages\/4819"}],"collection":[{"href":"https:\/\/www.gruppociampi.com\/index.php\/wp-json\/wp\/v2\/pages"}],"about":[{"href":"https:\/\/www.gruppociampi.com\/index.php\/wp-json\/wp\/v2\/types\/page"}],"author":[{"embeddable":true,"href":"https:\/\/www.gruppociampi.com\/index.php\/wp-json\/wp\/v2\/users\/1"}],"replies":[{"embeddable":true,"href":"https:\/\/www.gruppociampi.com\/index.php\/wp-json\/wp\/v2\/comments?post=4819"}],"version-history":[{"count":16,"href":"https:\/\/www.gruppociampi.com\/index.php\/wp-json\/wp\/v2\/pages\/4819\/revisions"}],"predecessor-version":[{"id":7276,"href":"https:\/\/www.gruppociampi.com\/index.php\/wp-json\/wp\/v2\/pages\/4819\/revisions\/7276"}],"wp:attachment":[{"href":"https:\/\/www.gruppociampi.com\/index.php\/wp-json\/wp\/v2\/media?parent=4819"}],"curies":[{"name":"wp","href":"https:\/\/api.w.org\/{rel}","templated":true}]}}